{"id":36,"date":"2024-05-31T15:31:15","date_gmt":"2024-05-31T13:31:15","guid":{"rendered":"https:\/\/topodao.fr\/?page_id=36"},"modified":"2024-05-31T19:17:14","modified_gmt":"2024-05-31T17:17:14","slug":"our-story","status":"publish","type":"page","link":"https:\/\/topodao.fr\/?page_id=36","title":{"rendered":"R\u00e9alisations"},"content":{"rendered":"\t\t<div data-elementor-type=\"wp-page\" data-elementor-id=\"36\" class=\"elementor elementor-36\">\n\t\t\t\t<div class=\"elementor-element elementor-element-47a8853c e-con-full e-flex e-con e-parent\" data-id=\"47a8853c\" data-element_type=\"container\" data-e-type=\"container\">\n\t\t<div class=\"elementor-element elementor-element-17565af1 e-con-full e-flex e-con e-child\" data-id=\"17565af1\" data-element_type=\"container\" data-e-type=\"container\" data-settings=\"{&quot;background_background&quot;:&quot;classic&quot;}\">\n\t\t\t\t<\/div>\n\t\t<div class=\"elementor-element elementor-element-8734fb e-con-full e-flex e-con e-child\" data-id=\"8734fb\" data-element_type=\"container\" data-e-type=\"container\">\n\t\t\t\t<div class=\"elementor-element elementor-element-ea56f92 elementor-widget elementor-widget-text-editor\" data-id=\"ea56f92\" data-element_type=\"widget\" data-e-type=\"widget\" data-widget_type=\"text-editor.default\">\n\t\t\t\t<div class=\"elementor-widget-container\">\n\t\t\t\t\t\t\t\t\t<p><strong>Au fil des ann\u00e9es, j\u2019ai eu le privil\u00e8ge de collaborer avec de nombreuses entreprises de renom sur des projets vari\u00e9s :<\/strong><\/p>\n<ul>\n<li><strong>Airbus: Divers projets d\u2019infrastructure et d\u2019extension.<\/strong><\/li>\n<li><strong>EDF: Barrages hydro\u00e9lectriques et \u00e9tudes g\u00e9otechniques.<\/strong><\/li>\n<li><strong>SNCF: Relev\u00e9s pour divers projets ferroviaires.<\/strong><\/li>\n<li><strong>Veolia: Relev\u00e9 de r\u00e9seaux d\u2019eau potable.<\/strong><\/li>\n<li><strong>Autres Projets Notables: ZAC Cartoucherie, Parc des Expositions \u00e0 Beauzelle, prolongement des stations de m\u00e9tro \u00e0 Toulouse, suivi de tassement sur l\u2019A61, etc.<\/strong><\/li>\n<\/ul>\t\t\t\t\t\t\t\t<\/div>\n\t\t\t\t<\/div>\n\t\t\t\t<div class=\"elementor-element elementor-element-c0d7a10 elementor-widget elementor-widget-image\" data-id=\"c0d7a10\" data-element_type=\"widget\" data-e-type=\"widget\" data-widget_type=\"image.default\">\n\t\t\t\t<div class=\"elementor-widget-container\">\n\t\t\t\t\t\t\t\t\t\t\t\t\t\t\t<img fetchpriority=\"high\" decoding=\"async\" width=\"800\" height=\"91\" src=\"https:\/\/topodao.fr\/wp-content\/uploads\/2024\/05\/logos-1024x117.jpg\" class=\"attachment-large size-large wp-image-194\" alt=\"\" srcset=\"https:\/\/topodao.fr\/wp-content\/uploads\/2024\/05\/logos-1024x117.jpg 1024w, https:\/\/topodao.fr\/wp-content\/uploads\/2024\/05\/logos-300x34.jpg 300w, https:\/\/topodao.fr\/wp-content\/uploads\/2024\/05\/logos-768x88.jpg 768w, https:\/\/topodao.fr\/wp-content\/uploads\/2024\/05\/logos.jpg 1406w\" sizes=\"(max-width: 800px) 100vw, 800px\" \/>\t\t\t\t\t\t\t\t\t\t\t\t\t\t\t<\/div>\n\t\t\t\t<\/div>\n\t\t\t\t<\/div>\n\t\t\t\t<\/div>\n\t\t\t\t<\/div>\n\t\t","protected":false},"excerpt":{"rendered":"<p>Au fil des ann\u00e9es, j\u2019ai eu le privil\u00e8ge de collaborer avec de nombreuses entreprises de renom sur des projets vari\u00e9s : Airbus: Divers projets d\u2019infrastructure et d\u2019extension. EDF: Barrages hydro\u00e9lectriques et \u00e9tudes g\u00e9otechniques. SNCF: Relev\u00e9s pour divers projets ferroviaires. Veolia: Relev\u00e9 de r\u00e9seaux d\u2019eau potable. Autres Projets Notables: ZAC Cartoucherie, Parc des Expositions \u00e0 Beauzelle, [&hellip;]<\/p>\n","protected":false},"author":1,"featured_media":0,"parent":0,"menu_order":0,"comment_status":"closed","ping_status":"closed","template":"elementor_header_footer","meta":{"footnotes":""},"class_list":["post-36","page","type-page","status-publish","hentry"],"yoast_head":"<!-- This site is optimized with the Yoast SEO plugin v27.4 - https:\/\/yoast.com\/product\/yoast-seo-wordpress\/ -->\n<title>R\u00e9alisations - TOPO &amp; DAO<\/title>\n<meta name=\"robots\" content=\"index, follow, max-snippet:-1, max-image-preview:large, max-video-preview:-1\" \/>\n<link rel=\"canonical\" href=\"https:\/\/topodao.fr\/?page_id=36\" \/>\n<meta property=\"og:locale\" content=\"fr_FR\" \/>\n<meta property=\"og:type\" content=\"article\" \/>\n<meta property=\"og:title\" content=\"R\u00e9alisations - TOPO &amp; DAO\" \/>\n<meta property=\"og:description\" content=\"Au fil des ann\u00e9es, j\u2019ai eu le privil\u00e8ge de collaborer avec de nombreuses entreprises de renom sur des projets vari\u00e9s : Airbus: Divers projets d\u2019infrastructure et d\u2019extension. EDF: Barrages hydro\u00e9lectriques et \u00e9tudes g\u00e9otechniques. SNCF: Relev\u00e9s pour divers projets ferroviaires. Veolia: Relev\u00e9 de r\u00e9seaux d\u2019eau potable. Autres Projets Notables: ZAC Cartoucherie, Parc des Expositions \u00e0 Beauzelle, [&hellip;]\" \/>\n<meta property=\"og:url\" content=\"https:\/\/topodao.fr\/?page_id=36\" \/>\n<meta property=\"og:site_name\" content=\"TOPO &amp; DAO\" \/>\n<meta property=\"article:modified_time\" content=\"2024-05-31T17:17:14+00:00\" \/>\n<meta property=\"og:image\" content=\"https:\/\/topodao.fr\/wp-content\/uploads\/2024\/05\/logos-1024x117.jpg\" \/>\n<meta name=\"twitter:card\" content=\"summary_large_image\" \/>\n<meta name=\"twitter:label1\" content=\"Dur\u00e9e de lecture estim\u00e9e\" \/>\n\t<meta name=\"twitter:data1\" content=\"1 minute\" \/>\n<script type=\"application\/ld+json\" class=\"yoast-schema-graph\">{\"@context\":\"https:\\\/\\\/schema.org\",\"@graph\":[{\"@type\":\"WebPage\",\"@id\":\"https:\\\/\\\/topodao.fr\\\/?page_id=36\",\"url\":\"https:\\\/\\\/topodao.fr\\\/?page_id=36\",\"name\":\"R\u00e9alisations - TOPO &amp; DAO\",\"isPartOf\":{\"@id\":\"https:\\\/\\\/topodao.fr\\\/#website\"},\"primaryImageOfPage\":{\"@id\":\"https:\\\/\\\/topodao.fr\\\/?page_id=36#primaryimage\"},\"image\":{\"@id\":\"https:\\\/\\\/topodao.fr\\\/?page_id=36#primaryimage\"},\"thumbnailUrl\":\"https:\\\/\\\/topodao.fr\\\/wp-content\\\/uploads\\\/2024\\\/05\\\/logos-1024x117.jpg\",\"datePublished\":\"2024-05-31T13:31:15+00:00\",\"dateModified\":\"2024-05-31T17:17:14+00:00\",\"breadcrumb\":{\"@id\":\"https:\\\/\\\/topodao.fr\\\/?page_id=36#breadcrumb\"},\"inLanguage\":\"fr-FR\",\"potentialAction\":[{\"@type\":\"ReadAction\",\"target\":[\"https:\\\/\\\/topodao.fr\\\/?page_id=36\"]}]},{\"@type\":\"ImageObject\",\"inLanguage\":\"fr-FR\",\"@id\":\"https:\\\/\\\/topodao.fr\\\/?page_id=36#primaryimage\",\"url\":\"https:\\\/\\\/topodao.fr\\\/wp-content\\\/uploads\\\/2024\\\/05\\\/logos.jpg\",\"contentUrl\":\"https:\\\/\\\/topodao.fr\\\/wp-content\\\/uploads\\\/2024\\\/05\\\/logos.jpg\",\"width\":1406,\"height\":161},{\"@type\":\"BreadcrumbList\",\"@id\":\"https:\\\/\\\/topodao.fr\\\/?page_id=36#breadcrumb\",\"itemListElement\":[{\"@type\":\"ListItem\",\"position\":1,\"name\":\"Accueil\",\"item\":\"https:\\\/\\\/topodao.fr\\\/\"},{\"@type\":\"ListItem\",\"position\":2,\"name\":\"R\u00e9alisations\"}]},{\"@type\":\"WebSite\",\"@id\":\"https:\\\/\\\/topodao.fr\\\/#website\",\"url\":\"https:\\\/\\\/topodao.fr\\\/\",\"name\":\"TOPO et DAO\",\"description\":\"Des relev\u00e9s pr\u00e9cis et des dessins assist\u00e9s par ordinateur pour garantir la r\u00e9ussite de vos projets\",\"publisher\":{\"@id\":\"https:\\\/\\\/topodao.fr\\\/#organization\"},\"potentialAction\":[{\"@type\":\"SearchAction\",\"target\":{\"@type\":\"EntryPoint\",\"urlTemplate\":\"https:\\\/\\\/topodao.fr\\\/?s={search_term_string}\"},\"query-input\":{\"@type\":\"PropertyValueSpecification\",\"valueRequired\":true,\"valueName\":\"search_term_string\"}}],\"inLanguage\":\"fr-FR\"},{\"@type\":\"Organization\",\"@id\":\"https:\\\/\\\/topodao.fr\\\/#organization\",\"name\":\"TOPO et DAO\",\"url\":\"https:\\\/\\\/topodao.fr\\\/\",\"logo\":{\"@type\":\"ImageObject\",\"inLanguage\":\"fr-FR\",\"@id\":\"https:\\\/\\\/topodao.fr\\\/#\\\/schema\\\/logo\\\/image\\\/\",\"url\":\"https:\\\/\\\/topodao.fr\\\/wp-content\\\/uploads\\\/2024\\\/05\\\/ToPoLogo.webp\",\"contentUrl\":\"https:\\\/\\\/topodao.fr\\\/wp-content\\\/uploads\\\/2024\\\/05\\\/ToPoLogo.webp\",\"width\":292,\"height\":274,\"caption\":\"TOPO et DAO\"},\"image\":{\"@id\":\"https:\\\/\\\/topodao.fr\\\/#\\\/schema\\\/logo\\\/image\\\/\"}}]}<\/script>\n<!-- \/ Yoast SEO plugin. -->","yoast_head_json":{"title":"R\u00e9alisations - TOPO &amp; DAO","robots":{"index":"index","follow":"follow","max-snippet":"max-snippet:-1","max-image-preview":"max-image-preview:large","max-video-preview":"max-video-preview:-1"},"canonical":"https:\/\/topodao.fr\/?page_id=36","og_locale":"fr_FR","og_type":"article","og_title":"R\u00e9alisations - TOPO &amp; DAO","og_description":"Au fil des ann\u00e9es, j\u2019ai eu le privil\u00e8ge de collaborer avec de nombreuses entreprises de renom sur des projets vari\u00e9s : Airbus: Divers projets d\u2019infrastructure et d\u2019extension. EDF: Barrages hydro\u00e9lectriques et \u00e9tudes g\u00e9otechniques. SNCF: Relev\u00e9s pour divers projets ferroviaires. Veolia: Relev\u00e9 de r\u00e9seaux d\u2019eau potable. Autres Projets Notables: ZAC Cartoucherie, Parc des Expositions \u00e0 Beauzelle, [&hellip;]","og_url":"https:\/\/topodao.fr\/?page_id=36","og_site_name":"TOPO &amp; DAO","article_modified_time":"2024-05-31T17:17:14+00:00","og_image":[{"url":"https:\/\/topodao.fr\/wp-content\/uploads\/2024\/05\/logos-1024x117.jpg","type":"","width":"","height":""}],"twitter_card":"summary_large_image","twitter_misc":{"Dur\u00e9e de lecture estim\u00e9e":"1 minute"},"schema":{"@context":"https:\/\/schema.org","@graph":[{"@type":"WebPage","@id":"https:\/\/topodao.fr\/?page_id=36","url":"https:\/\/topodao.fr\/?page_id=36","name":"R\u00e9alisations - TOPO &amp; DAO","isPartOf":{"@id":"https:\/\/topodao.fr\/#website"},"primaryImageOfPage":{"@id":"https:\/\/topodao.fr\/?page_id=36#primaryimage"},"image":{"@id":"https:\/\/topodao.fr\/?page_id=36#primaryimage"},"thumbnailUrl":"https:\/\/topodao.fr\/wp-content\/uploads\/2024\/05\/logos-1024x117.jpg","datePublished":"2024-05-31T13:31:15+00:00","dateModified":"2024-05-31T17:17:14+00:00","breadcrumb":{"@id":"https:\/\/topodao.fr\/?page_id=36#breadcrumb"},"inLanguage":"fr-FR","potentialAction":[{"@type":"ReadAction","target":["https:\/\/topodao.fr\/?page_id=36"]}]},{"@type":"ImageObject","inLanguage":"fr-FR","@id":"https:\/\/topodao.fr\/?page_id=36#primaryimage","url":"https:\/\/topodao.fr\/wp-content\/uploads\/2024\/05\/logos.jpg","contentUrl":"https:\/\/topodao.fr\/wp-content\/uploads\/2024\/05\/logos.jpg","width":1406,"height":161},{"@type":"BreadcrumbList","@id":"https:\/\/topodao.fr\/?page_id=36#breadcrumb","itemListElement":[{"@type":"ListItem","position":1,"name":"Accueil","item":"https:\/\/topodao.fr\/"},{"@type":"ListItem","position":2,"name":"R\u00e9alisations"}]},{"@type":"WebSite","@id":"https:\/\/topodao.fr\/#website","url":"https:\/\/topodao.fr\/","name":"TOPO et DAO","description":"Des relev\u00e9s pr\u00e9cis et des dessins assist\u00e9s par ordinateur pour garantir la r\u00e9ussite de vos projets","publisher":{"@id":"https:\/\/topodao.fr\/#organization"},"potentialAction":[{"@type":"SearchAction","target":{"@type":"EntryPoint","urlTemplate":"https:\/\/topodao.fr\/?s={search_term_string}"},"query-input":{"@type":"PropertyValueSpecification","valueRequired":true,"valueName":"search_term_string"}}],"inLanguage":"fr-FR"},{"@type":"Organization","@id":"https:\/\/topodao.fr\/#organization","name":"TOPO et DAO","url":"https:\/\/topodao.fr\/","logo":{"@type":"ImageObject","inLanguage":"fr-FR","@id":"https:\/\/topodao.fr\/#\/schema\/logo\/image\/","url":"https:\/\/topodao.fr\/wp-content\/uploads\/2024\/05\/ToPoLogo.webp","contentUrl":"https:\/\/topodao.fr\/wp-content\/uploads\/2024\/05\/ToPoLogo.webp","width":292,"height":274,"caption":"TOPO et DAO"},"image":{"@id":"https:\/\/topodao.fr\/#\/schema\/logo\/image\/"}}]}},"_links":{"self":[{"href":"https:\/\/topodao.fr\/index.php?rest_route=\/wp\/v2\/pages\/36","targetHints":{"allow":["GET"]}}],"collection":[{"href":"https:\/\/topodao.fr\/index.php?rest_route=\/wp\/v2\/pages"}],"about":[{"href":"https:\/\/topodao.fr\/index.php?rest_route=\/wp\/v2\/types\/page"}],"author":[{"embeddable":true,"href":"https:\/\/topodao.fr\/index.php?rest_route=\/wp\/v2\/users\/1"}],"replies":[{"embeddable":true,"href":"https:\/\/topodao.fr\/index.php?rest_route=%2Fwp%2Fv2%2Fcomments&post=36"}],"version-history":[{"count":14,"href":"https:\/\/topodao.fr\/index.php?rest_route=\/wp\/v2\/pages\/36\/revisions"}],"predecessor-version":[{"id":204,"href":"https:\/\/topodao.fr\/index.php?rest_route=\/wp\/v2\/pages\/36\/revisions\/204"}],"wp:attachment":[{"href":"https:\/\/topodao.fr\/index.php?rest_route=%2Fwp%2Fv2%2Fmedia&parent=36"}],"curies":[{"name":"wp","href":"https:\/\/api.w.org\/{rel}","templated":true}]}}